{"id":23,"date":"2023-05-16T12:16:03","date_gmt":"2023-05-16T10:16:03","guid":{"rendered":"https:\/\/csutisk.hu\/?page_id=23"},"modified":"2023-05-16T15:56:59","modified_gmt":"2023-05-16T13:56:59","slug":"home","status":"publish","type":"page","link":"https:\/\/csutisk.hu\/","title":{"rendered":"Kezd\u0151oldal"},"content":{"rendered":"\n<div class=\"wp-block-cover alignfull is-light has-medium-font-size\" style=\"padding-top:0;padding-right:0;padding-bottom:0;padding-left:0;min-height:720px;aspect-ratio:unset;\"><span aria-hidden=\"true\" class=\"wp-block-cover__background has-background-dim-100 has-background-dim has-background-gradient\" style=\"background:linear-gradient(90deg,rgb(6,147,227) 2%,rgb(155,81,224) 89%)\"><\/span><div class=\"wp-block-cover__inner-container is-layout-flow wp-block-cover-is-layout-flow\">\n<div class=\"inherit-container-width wp-block-group alignwide is-layout-constrained wp-block-group-is-layout-constrained\">\n<h2 class=\"wp-block-heading alignfull has-text-align-left\"><em><mark style=\"background-color:rgba(0, 0, 0, 0)\" class=\"has-inline-color has-ast-global-color-5-color\">Csuti Antal SK Zalaegersze<\/mark>g<\/em><\/h2>\n\n\n\n<p><\/p>\n<\/div>\n\n\n\n<div class=\"wp-block-group is-nowrap is-layout-flex wp-container-core-group-is-layout-6c531013 wp-block-group-is-layout-flex\">\n<p><strong>Klub t\u00f6rt\u00e9net<\/strong> <\/p>\n<\/div>\n\n\n\n<p>Klubunk 1987. febru\u00e1r 1-t\u0151l kezd\u0151d\u0151en, ami\u00f3ta kiv\u00e1lt a ZTE k\u00f6tel\u00e9k\u00e9b\u0151l viseli Csuti Antal alap\u00edt\u00f3nk nev\u00e9t. Az eltelt k\u00f6zel 4 \u00e9vtized bebizony\u00edtotta, hogy az akkor lerakott alapok igenis mennyire fontosak, \u00e9s egyfajta ir\u00e1nymutat\u00e1st adtak arr\u00f3l hogy milyen ir\u00e1nyba kell elmozdulni a sakkoz\u00e1snak. Sz\u00e1mos versenyeredm\u00e9ny amivel b\u00fcszk\u00e9lkedhet klubunk, t\u00f6bbek k\u00f6z\u00f6tt a 6 bajnoki c\u00edm egy nagyon j\u00f3 visszacsatol\u00e1s, hogy Zalaegerszeg mindig is \u00e9len j\u00e1rt a sakkoz\u00e1sban. T\u00f6bbek k\u00f6z\u00f6tt az ut\u00e1np\u00f3tl\u00e1snevel\u00e9s volt az egyik vez\u00e9rfonal,  hiszen t\u00f6bb fiatalt nevelt ki az egyes\u00fclet az eltelt id\u0151ben, akik k\u00e9s\u0151bb vil\u00e1gszinten is meghat\u00e1roz\u00f3 teljes\u00edtm\u00e9nyt tudtak el\u00e9rni.<\/p>\n\n\n\n<p><\/p>\n<\/div><\/div>\n\n\n\n<div class=\"wp-block-group alignfull has-background is-layout-constrained wp-container-core-group-is-layout-affcaedf wp-block-group-is-layout-constrained\" style=\"background:linear-gradient(159deg,rgb(238,238,238) 36%,rgb(169,184,195) 100%);padding-top:var(--wp--preset--spacing--50);padding-bottom:0px\">\n<div class=\"wp-block-columns are-vertically-aligned-top is-layout-flex wp-container-core-columns-is-layout-00723822 wp-block-columns-is-layout-flex\">\n<div class=\"wp-block-column is-vertically-aligned-top is-layout-flow wp-container-core-column-is-layout-6b73ce23 wp-block-column-is-layout-flow\">\n<h4 class=\"wp-block-heading has-text-align-left\" style=\"margin-top:16px\">Szakmai vezet\u0151<\/h4>\n\n\n\n<p>.Horv\u00e1th S\u00e1ndor<\/p>\n<\/div>\n\n\n\n<div class=\"wp-block-column is-vertically-aligned-top is-layout-flow wp-container-core-column-is-layout-6b73ce23 wp-block-column-is-layout-flow\">\n<h4 class=\"wp-block-heading has-text-align-center\" style=\"margin-top:16px\">Szakoszt\u00e1ly vezet\u0151<\/h4>\n\n\n\n<p class=\"has-text-align-center\">Borony\u00e1k \u00c1rp\u00e1d<\/p>\n<\/div>\n\n\n\n<div class=\"wp-block-column is-vertically-aligned-top is-layout-flow wp-container-core-column-is-layout-6b73ce23 wp-block-column-is-layout-flow\">\n<h4 class=\"wp-block-heading has-text-align-right\" style=\"margin-top:16px\">Technikai vezet\u0151, Ut\u00e1np\u00f3tl\u00e1s edz\u0151<\/h4>\n\n\n\n<p class=\"has-text-align-right\">Balogh M\u00e1rton<\/p>\n<\/div>\n<\/div>\n\n\n\n<ul class=\"wp-block-list\">\n<li>Csisz\u00e1r Zolt\u00e1n (Ut\u00e1np\u00f3tl\u00e1s edz\u0151)<\/li>\n\n\n\n<li>Forg\u00f3 \u00c9va (Ut\u00e1np\u00f3tl\u00e1s edz\u0151)<\/li>\n<\/ul>\n<\/div>\n\n\n\n<div class=\"wp-block-group alignfull has-vivid-cyan-blue-to-vivid-purple-gradient-background has-background is-layout-constrained wp-container-core-group-is-layout-06aacaec wp-block-group-is-layout-constrained\" id=\"services\" style=\"padding-top:44px;padding-bottom:31px\">\n<h2 class=\"wp-block-heading has-white-color has-text-color\">Csapatok<\/h2>\n\n\n\n<ul class=\"wp-block-list\">\n<li class=\"has-medium-font-size\"><a rel=\"noreferrer noopener\" href=\"https:\/\/chess.hu\/csapat\/?b=261&amp;c=2245\" data-type=\"URL\" target=\"_blank\"><em><strong>NB1<\/strong><\/em><\/a><\/li>\n\n\n\n<li class=\"has-medium-font-size\"><a href=\"https:\/\/chess.hu\/csapat\/?b=267&amp;c=2299\" data-type=\"URL\" data-id=\"https:\/\/chess.hu\/csapat\/?b=267&amp;c=2299\"><strong><em>NB2<\/em><\/strong><\/a><\/li>\n\n\n\n<li class=\"has-medium-font-size\"><a rel=\"noreferrer noopener\" href=\"https:\/\/chess.hu\/csapat\/?b=280&amp;c=2416\" data-type=\"URL\" data-id=\"https:\/\/chess.hu\/csapat\/?b=280&amp;c=2416\" target=\"_blank\"><em><strong>Megyei I. Oszt\u00e1ly<\/strong><\/em><\/a><\/li>\n<\/ul>\n<\/div>\n\n\n\n<div class=\"wp-block-group alignfull has-ast-global-color-5-background-color has-background is-content-justification-center is-layout-constrained wp-container-core-group-is-layout-dac94a1d wp-block-group-is-layout-constrained\" id=\"about\" style=\"padding-top:143px;padding-bottom:144px\">\n<h2 class=\"wp-block-heading has-text-align-center has-ast-global-color-3-color has-text-color\"><em>Zalaegerszeg Kupa &#8211; Benedek Tibor eml\u00e9kverseny sorozat<\/em><\/h2>\n\n\n\n<figure class=\"wp-block-gallery has-nested-images columns-default is-cropped wp-block-gallery-1 is-layout-flex wp-block-gallery-is-layout-flex\">\n<figure class=\"wp-block-image alignwide size-full is-style-rounded\"><img loading=\"lazy\" decoding=\"async\" width=\"1734\" height=\"975\" data-id=\"82\" src=\"https:\/\/csutisk.hu\/wp-content\/uploads\/2023\/05\/291857147_5192648557511559_2691334676417758996_n.jpg\" alt=\"\" class=\"wp-image-82\" srcset=\"https:\/\/csutisk.hu\/wp-content\/uploads\/2023\/05\/291857147_5192648557511559_2691334676417758996_n.jpg 1734w, https:\/\/csutisk.hu\/wp-content\/uploads\/2023\/05\/291857147_5192648557511559_2691334676417758996_n-300x169.jpg 300w, https:\/\/csutisk.hu\/wp-content\/uploads\/2023\/05\/291857147_5192648557511559_2691334676417758996_n-1024x576.jpg 1024w, https:\/\/csutisk.hu\/wp-content\/uploads\/2023\/05\/291857147_5192648557511559_2691334676417758996_n-768x432.jpg 768w, https:\/\/csutisk.hu\/wp-content\/uploads\/2023\/05\/291857147_5192648557511559_2691334676417758996_n-1536x864.jpg 1536w\" sizes=\"auto, (max-width: 1734px) 100vw, 1734px\" \/><\/figure>\n<\/figure>\n\n\n\n<figure class=\"wp-block-image size-full is-resized has-custom-border is-style-rounded\"><img loading=\"lazy\" decoding=\"async\" src=\"https:\/\/csutisk.hu\/wp-content\/uploads\/2023\/05\/256586483_4474145512695204_8919265551659028188_n.jpg\" alt=\"\" class=\"wp-image-83\" style=\"border-style:none;border-width:0px;border-radius:100px\" width=\"1000\" height=\"700\"\/><\/figure>\n<\/div>\n\n\n\n<h2 class=\"wp-block-heading has-text-align-left\">T\u00e1mogat\u00f3ink<\/h2>\n\n\n\n<div class=\"wp-block-group alignfull has-ast-global-color-6-background-color has-background is-nowrap is-layout-flex wp-container-core-group-is-layout-e8e6c64b wp-block-group-is-layout-flex\" id=\"whyus\" style=\"border-style:none;border-width:0px;padding-top:98px;padding-right:0;padding-bottom:96px\">\n<div class=\"wp-block-columns is-layout-flex wp-container-core-columns-is-layout-29aadeec wp-block-columns-is-layout-flex\" style=\"margin-top:60px\">\n<div class=\"wp-block-column is-layout-flow wp-container-core-column-is-layout-6b73ce23 wp-block-column-is-layout-flow\">\n<figure class=\"wp-block-image alignleft size-large\"><img loading=\"lazy\" decoding=\"async\" width=\"1024\" height=\"251\" src=\"https:\/\/csutisk.hu\/wp-content\/uploads\/2023\/05\/971d45e2aa544e8e85dec904730665cf-1024x251.jpg\" alt=\"\" class=\"wp-image-87\" srcset=\"https:\/\/csutisk.hu\/wp-content\/uploads\/2023\/05\/971d45e2aa544e8e85dec904730665cf-1024x251.jpg 1024w, https:\/\/csutisk.hu\/wp-content\/uploads\/2023\/05\/971d45e2aa544e8e85dec904730665cf-300x74.jpg 300w, https:\/\/csutisk.hu\/wp-content\/uploads\/2023\/05\/971d45e2aa544e8e85dec904730665cf-768x188.jpg 768w, https:\/\/csutisk.hu\/wp-content\/uploads\/2023\/05\/971d45e2aa544e8e85dec904730665cf-1536x377.jpg 1536w, https:\/\/csutisk.hu\/wp-content\/uploads\/2023\/05\/971d45e2aa544e8e85dec904730665cf.jpg 1688w\" sizes=\"auto, (max-width: 1024px) 100vw, 1024px\" \/><\/figure>\n<\/div>\n\n\n\n<div class=\"wp-block-column is-layout-flow wp-container-core-column-is-layout-6b73ce23 wp-block-column-is-layout-flow\">\n<figure class=\"wp-block-image aligncenter size-full is-resized\"><img loading=\"lazy\" decoding=\"async\" src=\"https:\/\/csutisk.hu\/wp-content\/uploads\/2023\/05\/zeg_cimer.jpg\" alt=\"\" class=\"wp-image-88\" width=\"148\" height=\"199\" srcset=\"https:\/\/csutisk.hu\/wp-content\/uploads\/2023\/05\/zeg_cimer.jpg 338w, https:\/\/csutisk.hu\/wp-content\/uploads\/2023\/05\/zeg_cimer-223x300.jpg 223w\" sizes=\"auto, (max-width: 148px) 100vw, 148px\" \/><\/figure>\n<\/div>\n\n\n\n<div class=\"wp-block-column is-layout-flow wp-container-core-column-is-layout-6b73ce23 wp-block-column-is-layout-flow\">\n<figure class=\"wp-block-image alignright size-full is-resized\"><img loading=\"lazy\" decoding=\"async\" src=\"https:\/\/csutisk.hu\/wp-content\/uploads\/2023\/05\/20190704143751.jpeg\" alt=\"\" class=\"wp-image-89\" width=\"259\" height=\"134\" srcset=\"https:\/\/csutisk.hu\/wp-content\/uploads\/2023\/05\/20190704143751.jpeg 384w, https:\/\/csutisk.hu\/wp-content\/uploads\/2023\/05\/20190704143751-300x156.jpeg 300w\" sizes=\"auto, (max-width: 259px) 100vw, 259px\" \/><\/figure>\n<\/div>\n<\/div>\n<\/div>\n\n\n\n<h2 class=\"wp-block-heading has-text-align-left has-very-light-gray-to-cyan-bluish-gray-gradient-background has-background has-medium-font-size\">Egyes\u00fcleti adatok<\/h2>\n\n\n\n<p class=\"has-text-align-left has-ast-global-color-8-color has-very-light-gray-to-cyan-bluish-gray-gradient-background has-text-color has-background\"><strong>Sz\u00e9khely: 8900 Zalaegerszeg, Kispest utca 11.<\/strong><\/p>\n\n\n\n<p class=\"has-ast-global-color-8-color has-very-light-gray-to-cyan-bluish-gray-gradient-background has-text-color has-background\"><strong>Ad\u00f3sz\u00e1m: 19390196-1-20<\/strong><\/p>\n\n\n\n<p class=\"has-ast-global-color-8-color has-very-light-gray-to-cyan-bluish-gray-gradient-background has-text-color has-background\"><strong>Nyilv\u00e1ntart\u00e1si sz\u00e1m: 20 02 0000062<\/strong><\/p>\n\n\n\n<p class=\"has-ast-global-color-8-color has-very-light-gray-to-cyan-bluish-gray-gradient-background has-text-color has-background\"><strong>Banksz\u00e1mlasz\u00e1m: <\/strong><\/p>\n\n\n\n<p class=\"has-ast-global-color-8-color has-electric-grass-gradient-background has-text-color has-background\"><strong>K\u00f6sz\u00f6nettel fogadjuk t\u00e1mogat\u00e1s\u00e1t klubunk r\u00e9sz\u00e9re! <\/strong><\/p>\n","protected":false},"excerpt":{"rendered":"<p>Szakmai vezet\u0151 .Horv\u00e1th S\u00e1ndor Szakoszt\u00e1ly vezet\u0151 Borony\u00e1k \u00c1rp\u00e1d Technikai vezet\u0151, Ut\u00e1np\u00f3tl\u00e1s edz\u0151 Balogh M\u00e1rton Csapatok Zalaegerszeg Kupa &#8211; Benedek Tibor eml\u00e9kverseny sorozat T\u00e1mogat\u00f3ink Egyes\u00fcleti adatok Sz\u00e9khely: 8900 Zalaegerszeg, Kispest utca 11. Ad\u00f3sz\u00e1m: 19390196-1-20 Nyilv\u00e1ntart\u00e1si sz\u00e1m: 20 02 0000062 Banksz\u00e1mlasz\u00e1m: K\u00f6sz\u00f6nettel fogadjuk t\u00e1mogat\u00e1s\u00e1t klubunk r\u00e9sz\u00e9re!<\/p>\n","protected":false},"author":1,"featured_media":0,"parent":0,"menu_order":0,"comment_status":"closed","ping_status":"closed","template":"","meta":{"_uag_custom_page_level_css":"","site-sidebar-layout":"no-sidebar","site-content-layout":"plain-container","ast-global-header-display":"","ast-banner-title-visibility":"","ast-main-header-display":"","ast-hfb-above-header-display":"","ast-hfb-below-header-display":"","ast-hfb-mobile-header-display":"","site-post-title":"disabled","ast-breadcrumbs-content":"","ast-featured-img":"","footer-sml-layout":"","theme-transparent-header-meta":"enabled","adv-header-id-meta":"","stick-header-meta":"","header-above-stick-meta":"","header-main-stick-meta":"","header-below-stick-meta":"","footnotes":""},"class_list":["post-23","page","type-page","status-publish","hentry"],"uagb_featured_image_src":{"full":false,"thumbnail":false,"medium":false,"medium_large":false,"large":false,"1536x1536":false,"2048x2048":false},"uagb_author_info":{"display_name":"nlvgaOqJhH","author_link":"https:\/\/csutisk.hu\/?author=1"},"uagb_comment_info":0,"uagb_excerpt":"Szakmai vezet\u0151 .Horv\u00e1th S\u00e1ndor Szakoszt\u00e1ly vezet\u0151 Borony\u00e1k \u00c1rp\u00e1d Technikai vezet\u0151, Ut\u00e1np\u00f3tl\u00e1s edz\u0151 Balogh M\u00e1rton Csapatok Zalaegerszeg Kupa &#8211; Benedek Tibor eml\u00e9kverseny sorozat T\u00e1mogat\u00f3ink Egyes\u00fcleti adatok Sz\u00e9khely: 8900 Zalaegerszeg, Kispest utca 11. Ad\u00f3sz\u00e1m: 19390196-1-20 Nyilv\u00e1ntart\u00e1si sz\u00e1m: 20 02 0000062 Banksz\u00e1mlasz\u00e1m: K\u00f6sz\u00f6nettel fogadjuk t\u00e1mogat\u00e1s\u00e1t klubunk r\u00e9sz\u00e9re!","_links":{"self":[{"href":"https:\/\/csutisk.hu\/index.php?rest_route=\/wp\/v2\/pages\/23","targetHints":{"allow":["GET"]}}],"collection":[{"href":"https:\/\/csutisk.hu\/index.php?rest_route=\/wp\/v2\/pages"}],"about":[{"href":"https:\/\/csutisk.hu\/index.php?rest_route=\/wp\/v2\/types\/page"}],"author":[{"embeddable":true,"href":"https:\/\/csutisk.hu\/index.php?rest_route=\/wp\/v2\/users\/1"}],"replies":[{"embeddable":true,"href":"https:\/\/csutisk.hu\/index.php?rest_route=%2Fwp%2Fv2%2Fcomments&post=23"}],"version-history":[{"count":42,"href":"https:\/\/csutisk.hu\/index.php?rest_route=\/wp\/v2\/pages\/23\/revisions"}],"predecessor-version":[{"id":114,"href":"https:\/\/csutisk.hu\/index.php?rest_route=\/wp\/v2\/pages\/23\/revisions\/114"}],"wp:attachment":[{"href":"https:\/\/csutisk.hu\/index.php?rest_route=%2Fwp%2Fv2%2Fmedia&parent=23"}],"curies":[{"name":"wp","href":"https:\/\/api.w.org\/{rel}","templated":true}]}}